{"id":906,"date":"2026-03-04T08:06:49","date_gmt":"2026-03-04T08:06:49","guid":{"rendered":"https:\/\/arvori.md\/?post_type=product&#038;p=906"},"modified":"2026-03-05T09:30:54","modified_gmt":"2026-03-05T09:30:54","slug":"platou-floare-personalizat-6-compartimente-3","status":"publish","type":"product","link":"https:\/\/arvori.md\/ru\/product\/platou-floare-personalizat-6-compartimente-3\/","title":{"rendered":"Platou Floare Personalizat 6 Compartimente"},"content":{"rendered":"<p class=\"cvGsUA direction-ltr align-start para-style-body\"><span class=\"a_GcMg font-feature-liga-off font-feature-clig-off font-feature-calt-off text-decoration-none text-strikethrough-none\">Lucrat manual din lemn de frasin, acest platou tip floare este finisat cu ulei alimentar, sigur pentru contact direct cu alimentele. Designul elegant \u0219i compartimentele practice \u00eel fac potrivit pentru servirea br\u00e2nzeturilor, ca\u0219cavalului, aperitivelor sau mezelurilor.<\/span><\/p>\n<p class=\"cvGsUA direction-ltr align-start para-style-body\"><span class=\"a_GcMg font-feature-liga-off font-feature-clig-off font-feature-calt-off text-decoration-none text-strikethrough-none\">Este un cadou personalizat \u0219i autentic, potrivit pentru nunt\u0103, botez, zi de na\u0219tere, cas\u0103 nou\u0103, aniversare sau cum\u0103trie.<\/span><\/p>\n<p class=\"cvGsUA direction-ltr align-start para-style-body\"><span class=\"a_GcMg font-feature-liga-off font-feature-clig-off font-feature-calt-off text-decoration-none text-strikethrough-none\">Pute\u021bi ad\u0103uga un nume, o dat\u0103 sau un mesaj scurt, gravate pe fa\u021b\u0103 sau pe spate (op\u021bional). Completa\u021bi c\u00e2mpul de personalizare sau scrie\u021bi-ne pentru cereri speciale \u2013 v\u0103 ajut\u0103m cu drag!<\/span><\/p>","protected":false},"excerpt":{"rendered":"<p class=\"p1\">M\u0103rimea &#8211; 28cm x 28 cm<\/p>\n<p class=\"p1\">Material &#8211; lemn natural de fras\u00een<\/p>","protected":false},"featured_media":907,"comment_status":"closed","ping_status":"closed","template":"","meta":[],"product_brand":[],"product_cat":[79],"product_tag":[],"class_list":{"0":"post-906","1":"product","2":"type-product","3":"status-publish","4":"has-post-thumbnail","6":"product_cat-platouri-personalizate","7":"wcpa_has_options","9":"first","10":"instock","11":"shipping-taxable","12":"purchasable","13":"product-type-simple"},"_links":{"self":[{"href":"https:\/\/arvori.md\/ru\/wp-json\/wp\/v2\/product\/906","targetHints":{"allow":["GET"]}}],"collection":[{"href":"https:\/\/arvori.md\/ru\/wp-json\/wp\/v2\/product"}],"about":[{"href":"https:\/\/arvori.md\/ru\/wp-json\/wp\/v2\/types\/product"}],"replies":[{"embeddable":true,"href":"https:\/\/arvori.md\/ru\/wp-json\/wp\/v2\/comments?post=906"}],"wp:featuredmedia":[{"embeddable":true,"href":"https:\/\/arvori.md\/ru\/wp-json\/wp\/v2\/media\/907"}],"wp:attachment":[{"href":"https:\/\/arvori.md\/ru\/wp-json\/wp\/v2\/media?parent=906"}],"wp:term":[{"taxonomy":"product_brand","embeddable":true,"href":"https:\/\/arvori.md\/ru\/wp-json\/wp\/v2\/product_brand?post=906"},{"taxonomy":"product_cat","embeddable":true,"href":"https:\/\/arvori.md\/ru\/wp-json\/wp\/v2\/product_cat?post=906"},{"taxonomy":"product_tag","embeddable":true,"href":"https:\/\/arvori.md\/ru\/wp-json\/wp\/v2\/product_tag?post=906"}],"curies":[{"name":"wp","href":"https:\/\/api.w.org\/{rel}","templated":true}]}}