{"id":724,"date":"2024-08-07T07:17:32","date_gmt":"2024-08-07T07:17:32","guid":{"rendered":"https:\/\/arvori.md\/?post_type=product&#038;p=724"},"modified":"2025-06-17T20:13:29","modified_gmt":"2025-06-17T20:13:29","slug":"cos-cadou","status":"publish","type":"product","link":"https:\/\/arvori.md\/ru\/product\/cos-cadou\/","title":{"rendered":"Co\u0219 cadou"},"content":{"rendered":"<p><span style=\"font-weight: 400;\">Co\u0219ul cadou standart con\u021bine:<\/span><\/p>\n<ul>\n<li style=\"font-weight: 400;\" aria-level=\"1\"><span style=\"font-weight: 400;\">Co\u0219 tradi\u021bional din nuiele<\/span><\/li>\n<li style=\"font-weight: 400;\" aria-level=\"1\"><span style=\"font-weight: 400;\">2 platouri din lemn marca \u201dArvori Wood Art\u201d<\/span><\/li>\n<li style=\"font-weight: 400;\" aria-level=\"1\"><span style=\"font-weight: 400;\">2 \u0431\u0443\u0442\u044b\u043b\u043a\u0438 \u0444\u0438\u0440\u043c\u0435\u043d\u043d\u043e\u0433\u043e \u0432\u0438\u043d\u0430 \u00ab\u0410\u0441\u043a\u043e\u043d\u0438\u00bb<\/span><\/li>\n<li style=\"font-weight: 400;\" aria-level=\"1\"><span style=\"font-weight: 400;\">1 \u043a\u043e\u043c\u043f\u043b\u0435\u043a\u0442 \u0440\u0435\u043c\u0435\u0441\u043b\u0435\u043d\u043d\u043e\u0433\u043e \u0441\u044b\u0440\u0430 \u00abDancu Farm\u00bb<\/span><\/li>\n<li style=\"font-weight: 400;\" aria-level=\"1\"><span style=\"font-weight: 400;\">2 borcane cu miere marca \u201dCristal Honey House\u201d<\/span><\/li>\n<li style=\"font-weight: 400;\" aria-level=\"1\"><span style=\"font-weight: 400;\">\u0423\u043f\u0430\u043a\u043e\u0432\u043a\u0430 \u0441 \u0434\u0435\u043a\u043e\u0440\u0430\u0442\u0438\u0432\u043d\u043e\u0439 \u043b\u0435\u043d\u0442\u043e\u0439.<\/span><\/li>\n<li style=\"font-weight: 400;\" aria-level=\"1\"><span style=\"font-weight: 400;\">Topperul (inscrip\u021bia ex. Nanii mei sunt minuna\u021bi) se alege \u0219i se achit\u0103 aparte.<\/span><\/li>\n<\/ul>\n<p><span style=\"font-weight: 400;\">Dac\u0103 dori\u021bi s\u0103 crea\u021bi un co\u0219 dup\u0103 propriul gust \u0219i buget, nu ezita\u021bi s\u0103 ne contacta\u021bi \u0219i \u00eempreun\u0103 combin\u0103m un co\u0219 perfect potrivit pentru Dvs!<\/span><\/p>\n<p><span style=\"font-weight: 400;\">\u0422\u0430\u043a\u0436\u0435 \u043f\u0440\u0438\u0433\u043b\u0430\u0448\u0430\u0435\u043c \u0412\u0430\u0441 \u043e\u0437\u043d\u0430\u043a\u043e\u043c\u0438\u0442\u044c\u0441\u044f \u0441\u043e \u0432\u0441\u0435\u043c \u0430\u0441\u0441\u043e\u0440\u0442\u0438\u043c\u0435\u043d\u0442\u043e\u043c \u0434\u0435\u0440\u0435\u0432\u044f\u043d\u043d\u044b\u0445 \u043f\u043e\u0434\u043d\u043e\u0441\u043e\u0432, \u0441 \u043b\u044e\u0431\u043e\u0432\u044c\u044e \u0441\u043e\u0437\u0434\u0430\u043d\u043d\u044b\u0445 \u043a\u043e\u043c\u0430\u043d\u0434\u043e\u0439 Arvori Wood Art, \u0437\u0430\u0439\u0434\u044f \u0432 \u0440\u0430\u0437\u0434\u0435\u043b <\/span><a href=\"https:\/\/arvori.md\/ru\/product-category\/produse-din-lemn\/\"><span style=\"font-weight: 400;\">PRODUSE DIN LEMN.<\/span><span style=\"font-weight: 400;\">\u00a0<\/span><\/a><\/p>\n<p><span style=\"font-weight: 400;\">\u041d\u0430\u0448 \u0430\u0441\u0441\u043e\u0440\u0442\u0438\u043c\u0435\u043d\u0442 \u043f\u0440\u043e\u0434\u0443\u043a\u0446\u0438\u0438 \u043f\u043e\u0441\u0442\u043e\u044f\u043d\u043d\u043e \u043e\u0431\u043d\u043e\u0432\u043b\u044f\u0435\u0442\u0441\u044f \u0438 \u0434\u0438\u0432\u0435\u0440\u0441\u0438\u0444\u0438\u0446\u0438\u0440\u0443\u0435\u0442\u0441\u044f, \u0430 \u0447\u0442\u043e\u0431\u044b \u043e\u0434\u043d\u0438\u043c\u0438 \u0438\u0437 \u043f\u0435\u0440\u0432\u044b\u0445 \u0443\u0437\u043d\u0430\u0432\u0430\u0442\u044c \u043e \u043d\u043e\u0432\u044b\u0445 \u043f\u0440\u043e\u0434\u0443\u043a\u0442\u0430\u0445, \u0430\u043a\u0446\u0438\u044f\u0445 \u0438 \u0441\u043f\u0435\u0446\u0438\u0430\u043b\u044c\u043d\u044b\u0445 \u043f\u0440\u0435\u0434\u043b\u043e\u0436\u0435\u043d\u0438\u044f\u0445, \u043f\u043e\u0434\u043f\u0438\u0448\u0438\u0442\u0435\u0441\u044c \u043d\u0430 \u0441\u0442\u0440\u0430\u043d\u0438\u0446\u044b Arvori Wood Art \u0432 \u0441\u043e\u0446\u0438\u0430\u043b\u044c\u043d\u044b\u0445 \u0441\u0435\u0442\u044f\u0445.\u00a0<\/span><\/p>\n<p>&nbsp;<\/p>","protected":false},"excerpt":{"rendered":"<p>Co\u0219ul cadou standart con\u021bine: Co\u0219 tradi\u021bional din nuiele 2 platouri din lemn marca \u201dArvori Wood Art\u201d 2 sticle de vin<\/p>","protected":false},"featured_media":725,"comment_status":"closed","ping_status":"closed","template":"","meta":[],"product_brand":[],"product_cat":[26],"product_tag":[],"class_list":{"0":"post-724","1":"product","2":"type-product","3":"status-publish","4":"has-post-thumbnail","6":"product_cat-cosuri-cadou","8":"first","9":"instock","10":"shipping-taxable","11":"purchasable","12":"product-type-simple"},"_links":{"self":[{"href":"https:\/\/arvori.md\/ru\/wp-json\/wp\/v2\/product\/724","targetHints":{"allow":["GET"]}}],"collection":[{"href":"https:\/\/arvori.md\/ru\/wp-json\/wp\/v2\/product"}],"about":[{"href":"https:\/\/arvori.md\/ru\/wp-json\/wp\/v2\/types\/product"}],"replies":[{"embeddable":true,"href":"https:\/\/arvori.md\/ru\/wp-json\/wp\/v2\/comments?post=724"}],"wp:featuredmedia":[{"embeddable":true,"href":"https:\/\/arvori.md\/ru\/wp-json\/wp\/v2\/media\/725"}],"wp:attachment":[{"href":"https:\/\/arvori.md\/ru\/wp-json\/wp\/v2\/media?parent=724"}],"wp:term":[{"taxonomy":"product_brand","embeddable":true,"href":"https:\/\/arvori.md\/ru\/wp-json\/wp\/v2\/product_brand?post=724"},{"taxonomy":"product_cat","embeddable":true,"href":"https:\/\/arvori.md\/ru\/wp-json\/wp\/v2\/product_cat?post=724"},{"taxonomy":"product_tag","embeddable":true,"href":"https:\/\/arvori.md\/ru\/wp-json\/wp\/v2\/product_tag?post=724"}],"curies":[{"name":"wp","href":"https:\/\/api.w.org\/{rel}","templated":true}]}}