{"id":670,"date":"2024-07-11T14:59:48","date_gmt":"2024-07-11T14:59:48","guid":{"rendered":"https:\/\/arvori.md\/?post_type=product&#038;p=670"},"modified":"2025-06-17T19:17:21","modified_gmt":"2025-06-17T19:17:21","slug":"platou-din-lemn-floare-2","status":"publish","type":"product","link":"https:\/\/arvori.md\/ru\/product\/platou-din-lemn-floare-2\/","title":{"rendered":"Platou din lemn &#8222;Floare&#8221;"},"content":{"rendered":"<p>\u041d\u0430\u0448\u0438 \u043f\u043e\u0434\u043d\u043e\u0441\u044b \u0438\u0437\u0433\u043e\u0442\u043e\u0432\u043b\u0435\u043d\u044b \u0438\u0437 \u043c\u0430\u0441\u0441\u0438\u0432\u0430 \u044f\u0441\u0435\u043d\u044f, \u043e\u0431\u0440\u0430\u0431\u043e\u0442\u0430\u043d\u043d\u043e\u0433\u043e \u0438\u0441\u043a\u043b\u044e\u0447\u0438\u0442\u0435\u043b\u044c\u043d\u043e \u043f\u0438\u0449\u0435\u0432\u044b\u043c \u043c\u0438\u043d\u0435\u0440\u0430\u043b\u044c\u043d\u044b\u043c \u043c\u0430\u0441\u043b\u043e\u043c (\u0431\u0435\u0437 \u0445\u0438\u043c\u0438\u0447\u0435\u0441\u043a\u043e\u0439 \u043e\u0431\u0440\u0430\u0431\u043e\u0442\u043a\u0438), \u0447\u0442\u043e \u0434\u0435\u043b\u0430\u0435\u0442 \u0438\u0445 \u0430\u0431\u0441\u043e\u043b\u044e\u0442\u043d\u043e \u0431\u0435\u0437\u043e\u043f\u0430\u0441\u043d\u044b\u043c\u0438 \u0434\u043b\u044f \u0438\u0441\u043f\u043e\u043b\u044c\u0437\u043e\u0432\u0430\u043d\u0438\u044f \u043f\u0440\u0438 \u043a\u043e\u043d\u0442\u0430\u043a\u0442\u0435 \u0441 \u043f\u0438\u0449\u0435\u0432\u044b\u043c\u0438 \u043f\u0440\u043e\u0434\u0443\u043a\u0442\u0430\u043c\u0438, \u043e\u0431\u0435\u0441\u043f\u0435\u0447\u0438\u0432\u0430\u044f \u043f\u0440\u0438 \u044d\u0442\u043e\u043c \u043e\u0442\u043b\u0438\u0447\u043d\u0443\u044e \u0434\u043e\u043b\u0433\u043e\u0432\u0435\u0447\u043d\u043e\u0441\u0442\u044c \u0434\u043b\u044f \u0434\u043b\u0438\u0442\u0435\u043b\u044c\u043d\u043e\u0433\u043e \u0438\u0441\u043f\u043e\u043b\u044c\u0437\u043e\u0432\u0430\u043d\u0438\u044f.<\/p>\n<p><strong>\u0418\u0441\u043f\u043e\u043b\u044c\u0437\u043e\u0432\u0430\u043d\u0438\u0435 \u043f\u0440\u043e\u0434\u0443\u043a\u0442\u0430:<\/strong><\/p>\n<p>\u0414\u0435\u0440\u0435\u0432\u044f\u043d\u043d\u044b\u0435 \u043f\u043e\u0434\u043d\u043e\u0441\u044b \u00c1rvori Wood Art \u043e\u0441\u043e\u0431\u043e\u0433\u043e \u0434\u0438\u0437\u0430\u0439\u043d\u0430, \u043c\u043d\u043e\u0433\u043e\u0444\u0443\u043d\u043a\u0446\u0438\u043e\u043d\u0430\u043b\u044c\u043d\u044b\u0435 \u0438 \u043f\u0440\u043e\u0447\u043d\u044b\u0435, \u0438\u0434\u0435\u0430\u043b\u044c\u043d\u043e \u043f\u043e\u0434\u0445\u043e\u0434\u044f\u0442 \u0434\u043b\u044f \u0441\u0435\u0440\u0432\u0438\u0440\u043e\u0432\u043a\u0438 \u0440\u0430\u0437\u043b\u0438\u0447\u043d\u044b\u0445 \u0437\u0430\u043a\u0443\u0441\u043e\u043a \u0438 \u0431\u043b\u044e\u0434, \u0430 \u0442\u0430\u043a\u0436\u0435 \u0434\u043b\u044f \u043f\u0440\u0438\u0432\u043b\u0435\u043a\u0430\u0442\u0435\u043b\u044c\u043d\u043e\u0439 \u043f\u0440\u0435\u0437\u0435\u043d\u0442\u0430\u0446\u0438\u0438 \u0440\u0430\u0437\u043b\u0438\u0447\u043d\u044b\u0445 \u043a\u0443\u043b\u0438\u043d\u0430\u0440\u043d\u044b\u0445 \u043a\u043e\u043c\u043f\u043e\u0437\u0438\u0446\u0438\u0439 \u043f\u043e \u0432\u0430\u0448\u0435\u043c\u0443 \u0432\u043a\u0443\u0441\u0443.<\/p>\n<p>Platourile noastre reprezint\u0103 cadourile perfecte pentru cele mai variate ocazii, precum zile de na\u0219tere, anivers\u0103ri, cum\u0103trii, nun\u021bi, cas\u0103 nou\u0103 sau evenimente corporative.<\/p>\n<p><strong>\u0418\u043d\u0441\u0442\u0440\u0443\u043a\u0446\u0438\u0438 \u043f\u043e \u0438\u0441\u043f\u043e\u043b\u044c\u0437\u043e\u0432\u0430\u043d\u0438\u044e:<\/strong><\/p>\n<p>\u0427\u0442\u043e\u0431\u044b \u043d\u0435 \u0441\u043d\u0438\u0437\u0438\u0442\u044c \u0434\u043e\u043b\u0433\u043e\u0432\u0435\u0447\u043d\u043e\u0441\u0442\u044c \u0438\u0437\u0434\u0435\u043b\u0438\u044f, \u0440\u0435\u043a\u043e\u043c\u0435\u043d\u0434\u0443\u0435\u0442\u0441\u044f \u0441\u0442\u0438\u0440\u0430\u0442\u044c \u0435\u0433\u043e \u0442\u043e\u043b\u044c\u043a\u043e \u0432\u0440\u0443\u0447\u043d\u0443\u044e \u043f\u043e\u0434 \u043f\u0440\u043e\u0442\u043e\u0447\u043d\u043e\u0439 \u0432\u043e\u0434\u043e\u0439. \u041d\u0435 \u0438\u0441\u043f\u043e\u043b\u044c\u0437\u0443\u0439\u0442\u0435 \u0434\u0435\u0440\u0435\u0432\u044f\u043d\u043d\u044b\u0439 \u043f\u043e\u0434\u043d\u043e\u0441 \u0432 \u043f\u043e\u0441\u0443\u0434\u043e\u043c\u043e\u0435\u0447\u043d\u043e\u0439 \u043c\u0430\u0448\u0438\u043d\u0435, \u043c\u0438\u043a\u0440\u043e\u0432\u043e\u043b\u043d\u043e\u0432\u043e\u0439 \u043f\u0435\u0447\u0438 \u0438\u043b\u0438 \u044d\u043b\u0435\u043a\u0442\u0440\u0438\u0447\u0435\u0441\u043a\u043e\u0439\/\u0433\u0430\u0437\u043e\u0432\u043e\u0439 \u0434\u0443\u0445\u043e\u0432\u043a\u0435.<\/p>\n<p>\u0427\u0442\u043e\u0431\u044b \u0441\u043e\u0445\u0440\u0430\u043d\u0438\u0442\u044c \u044f\u0440\u043a\u0438\u0439 \u0435\u0441\u0442\u0435\u0441\u0442\u0432\u0435\u043d\u043d\u044b\u0439 \u0446\u0432\u0435\u0442 \u0438 \u044d\u0441\u0442\u0435\u0442\u0438\u0447\u043d\u044b\u0439 \u0432\u043d\u0435\u0448\u043d\u0438\u0439 \u0432\u0438\u0434 \u0434\u0435\u0440\u0435\u0432\u044f\u043d\u043d\u043e\u0433\u043e \u043f\u043e\u0434\u043d\u043e\u0441\u0430, \u0432\u0440\u0435\u043c\u044f \u043e\u0442 \u0432\u0440\u0435\u043c\u0435\u043d\u0438 \u043d\u0430\u043d\u043e\u0441\u0438\u0442\u0435 \u043d\u0430 \u043d\u0435\u0433\u043e \u043d\u0435\u043c\u043d\u043e\u0433\u043e \u043e\u043b\u0438\u0432\u043a\u043e\u0432\u043e\u0433\u043e, \u043b\u044c\u043d\u044f\u043d\u043e\u0433\u043e \u043c\u0430\u0441\u043b\u0430 \u0438\u043b\u0438 \u043b\u044e\u0431\u043e\u0433\u043e \u0442\u0438\u043f\u0430 \u0440\u0430\u0441\u0442\u0438\u0442\u0435\u043b\u044c\u043d\u043e\u0433\u043e \u043c\u0430\u0441\u043b\u0430.<\/p>\n<p><strong>\u0414\u043e\u043f\u043e\u043b\u043d\u0438\u0442\u0435\u043b\u044c\u043d\u0430\u044f \u0438\u043d\u0444\u043e\u0440\u043c\u0430\u0446\u0438\u044f:<\/strong><\/p>\n<p>\u041f\u043e\u0441\u043a\u043e\u043b\u044c\u043a\u0443 \u0438\u0437\u0434\u0435\u043b\u0438\u044f \u00c1rvori Wood Art \u0438\u0437\u0433\u043e\u0442\u0430\u0432\u043b\u0438\u0432\u0430\u044e\u0442\u0441\u044f \u0432\u0440\u0443\u0447\u043d\u0443\u044e, \u043a\u0430\u0436\u0434\u0430\u044f \u0434\u043e\u0441\u043a\u0430 \u043c\u043e\u0436\u0435\u0442 \u043d\u0435\u0437\u043d\u0430\u0447\u0438\u0442\u0435\u043b\u044c\u043d\u043e \u043e\u0442\u043b\u0438\u0447\u0430\u0442\u044c\u0441\u044f \u043f\u043e \u0446\u0432\u0435\u0442\u0443, \u0432\u0435\u0441\u0443 \u0438 \u0444\u0430\u043a\u0442\u0443\u0440\u0435.<\/p>\n<p>\u041d\u0435 \u0441\u0442\u0435\u0441\u043d\u044f\u0439\u0442\u0435\u0441\u044c \u043e\u0431\u0440\u0430\u0449\u0430\u0442\u044c\u0441\u044f \u043a \u043d\u0430\u043c, \u0435\u0441\u043b\u0438 \u0432\u0430\u043c \u043d\u0443\u0436\u043d\u0430 \u0434\u043e\u043f\u043e\u043b\u043d\u0438\u0442\u0435\u043b\u044c\u043d\u0430\u044f \u0438\u043d\u0444\u043e\u0440\u043c\u0430\u0446\u0438\u044f \u043e \u043d\u0430\u0448\u0435\u0439 \u043f\u0440\u043e\u0434\u0443\u043a\u0446\u0438\u0438, \u0434\u043e\u0441\u0442\u0430\u0432\u043a\u0435 \u0438\u043b\u0438 \u0434\u0440\u0443\u0433\u0438\u0445 \u0434\u0435\u0442\u0430\u043b\u044f\u0445.<\/p>\n<p>\u0411\u043b\u0430\u0433\u043e\u0434\u0430\u0440\u0438\u043c \u0432\u0430\u0441 \u0437\u0430 \u0432\u044b\u0431\u043e\u0440 \u043f\u0440\u043e\u0434\u0443\u043a\u0446\u0438\u0438 \u00c1rvori Wood Art!<\/p>","protected":false},"excerpt":{"rendered":"<p>Platourile noastre sunt fabricate din lemn tare de frasin, fiind tratate \u00een exclusivitate cu ulei mineral alimentar (f\u0103r\u0103 finisaj chimic),<\/p>","protected":false},"featured_media":671,"comment_status":"closed","ping_status":"closed","template":"","meta":[],"product_brand":[],"product_cat":[29,22],"product_tag":[],"class_list":{"0":"post-670","1":"product","2":"type-product","3":"status-publish","4":"has-post-thumbnail","6":"product_cat-platouri-din-lemn","7":"product_cat-produse-din-lemn","8":"pa_marime-28-cm-x-28-cm-x-2-cm","10":"first","11":"instock","12":"shipping-taxable","13":"purchasable","14":"product-type-simple"},"_links":{"self":[{"href":"https:\/\/arvori.md\/ru\/wp-json\/wp\/v2\/product\/670","targetHints":{"allow":["GET"]}}],"collection":[{"href":"https:\/\/arvori.md\/ru\/wp-json\/wp\/v2\/product"}],"about":[{"href":"https:\/\/arvori.md\/ru\/wp-json\/wp\/v2\/types\/product"}],"replies":[{"embeddable":true,"href":"https:\/\/arvori.md\/ru\/wp-json\/wp\/v2\/comments?post=670"}],"wp:featuredmedia":[{"embeddable":true,"href":"https:\/\/arvori.md\/ru\/wp-json\/wp\/v2\/media\/671"}],"wp:attachment":[{"href":"https:\/\/arvori.md\/ru\/wp-json\/wp\/v2\/media?parent=670"}],"wp:term":[{"taxonomy":"product_brand","embeddable":true,"href":"https:\/\/arvori.md\/ru\/wp-json\/wp\/v2\/product_brand?post=670"},{"taxonomy":"product_cat","embeddable":true,"href":"https:\/\/arvori.md\/ru\/wp-json\/wp\/v2\/product_cat?post=670"},{"taxonomy":"product_tag","embeddable":true,"href":"https:\/\/arvori.md\/ru\/wp-json\/wp\/v2\/product_tag?post=670"}],"curies":[{"name":"wp","href":"https:\/\/api.w.org\/{rel}","templated":true}]}}