{"id":267,"date":"2024-02-07T12:49:55","date_gmt":"2024-02-07T12:49:55","guid":{"rendered":"https:\/\/arvori.md\/?post_type=product&#038;p=267"},"modified":"2025-06-17T19:31:03","modified_gmt":"2025-06-17T19:31:03","slug":"set-cadou-deluxe-albastru","status":"publish","type":"product","link":"https:\/\/arvori.md\/ru\/product\/set-cadou-deluxe-albastru\/","title":{"rendered":"\u041f\u043e\u0434\u0430\u0440\u043e\u0447\u043d\u044b\u0439 \u043d\u0430\u0431\u043e\u0440 \"\u0418\u0437\u043e\u0431\u0438\u043b\u0438\u0435\" - \u0441\u0438\u043d\u0438\u0439."},"content":{"rendered":"<p>Setul \u201dBel\u0219ug\u201d con\u021bine:<\/p>\n<ul>\n<li>1 lad\u0103 din lemn 35 cm x 30 cm decorat\u0103 cu p\u00e2nz\u0103 \u00een stil rustic \u0219i panglic\u0103 de culoare albastr\u0103<\/li>\n<li>3 platouri din lemn marca \u201dArvori Wood Art\u201d<\/li>\n<li>3 sticle de vin marca \u201dAsconi\u201d<\/li>\n<li>1 \u043a\u043e\u043c\u043f\u043b\u0435\u043a\u0442 \u0440\u0435\u043c\u0435\u0441\u043b\u0435\u043d\u043d\u043e\u0433\u043e \u0441\u044b\u0440\u0430 \u00abDancu Farm\u00bb<\/li>\n<li>3 \u0431\u0430\u043d\u043e\u0447\u043a\u0438 \u043c\u0435\u0434\u0430 \u0442\u043e\u0440\u0433\u043e\u0432\u043e\u0439 \u043c\u0430\u0440\u043a\u0438 \u00abCristal Honey House\u00bb.<\/li>\n<li>\u0423\u043f\u0430\u043a\u043e\u0432\u043a\u0430 \u0441 \u0434\u0435\u043a\u043e\u0440\u0430\u0442\u0438\u0432\u043d\u043e\u0439 \u043b\u0435\u043d\u0442\u043e\u0439.<\/li>\n<\/ul>\n<p>\u0423\u043f\u0430\u043a\u043e\u0432\u043a\u0430 \u0441 \u0434\u0435\u043a\u043e\u0440\u0430\u0442\u0438\u0432\u043d\u043e\u0439 \u043b\u0435\u043d\u0442\u043e\u0439.<\/p>\n<p>\u0415\u0441\u043b\u0438 \u0432\u044b \u0445\u043e\u0442\u0438\u0442\u0435 \u0441\u043e\u0437\u0434\u0430\u0442\u044c \u043a\u043e\u0440\u0437\u0438\u043d\u0443 \u043f\u043e \u0441\u0432\u043e\u0435\u043c\u0443 \u0432\u043a\u0443\u0441\u0443 \u0438 \u0431\u044e\u0434\u0436\u0435\u0442\u0443, \u043d\u0435 \u0441\u0442\u0435\u0441\u043d\u044f\u0439\u0442\u0435\u0441\u044c \u0432\u043e\u0441\u043f\u043e\u043b\u044c\u0437\u043e\u0432\u0430\u0442\u044c\u0441\u044f \u044d\u0442\u043e\u0439 \u043e\u043f\u0446\u0438\u0435\u0439. <a href=\"https:\/\/arvori.md\/ru\/construieste-propriul-cos\/\"><u>CONSTRUIE\u0218TE PROPRIUL CO\u0218<\/u>.<\/a><\/p>\n<p>\u0422\u0430\u043a\u0436\u0435 \u043f\u0440\u0438\u0433\u043b\u0430\u0448\u0430\u0435\u043c \u0412\u0430\u0441 \u043e\u0437\u043d\u0430\u043a\u043e\u043c\u0438\u0442\u044c\u0441\u044f \u0441\u043e \u0432\u0441\u0435\u043c \u0430\u0441\u0441\u043e\u0440\u0442\u0438\u043c\u0435\u043d\u0442\u043e\u043c \u0434\u0435\u0440\u0435\u0432\u044f\u043d\u043d\u044b\u0445 \u043f\u043e\u0434\u043d\u043e\u0441\u043e\u0432, \u0441 \u043b\u044e\u0431\u043e\u0432\u044c\u044e \u0441\u043e\u0437\u0434\u0430\u043d\u043d\u044b\u0445 \u043a\u043e\u043c\u0430\u043d\u0434\u043e\u0439 Arvori Wood Art, \u0437\u0430\u0439\u0434\u044f \u0432 \u0440\u0430\u0437\u0434\u0435\u043b <a href=\"https:\/\/arvori.md\/ru\/product-category\/produse-din-lemn\/\"><u>PRODUSE DIN LEMN.<\/u>\u00a0<\/a><\/p>\n<p>\u041d\u0430\u0448 \u0430\u0441\u0441\u043e\u0440\u0442\u0438\u043c\u0435\u043d\u0442 \u043f\u0440\u043e\u0434\u0443\u043a\u0446\u0438\u0438 \u043f\u043e\u0441\u0442\u043e\u044f\u043d\u043d\u043e \u043e\u0431\u043d\u043e\u0432\u043b\u044f\u0435\u0442\u0441\u044f \u0438 \u0434\u0438\u0432\u0435\u0440\u0441\u0438\u0444\u0438\u0446\u0438\u0440\u0443\u0435\u0442\u0441\u044f, \u0430 \u0447\u0442\u043e\u0431\u044b \u043e\u0434\u043d\u0438\u043c\u0438 \u0438\u0437 \u043f\u0435\u0440\u0432\u044b\u0445 \u0443\u0437\u043d\u0430\u0432\u0430\u0442\u044c \u043e \u043d\u043e\u0432\u044b\u0445 \u043f\u0440\u043e\u0434\u0443\u043a\u0442\u0430\u0445, \u0430\u043a\u0446\u0438\u044f\u0445 \u0438 \u0441\u043f\u0435\u0446\u0438\u0430\u043b\u044c\u043d\u044b\u0445 \u043f\u0440\u0435\u0434\u043b\u043e\u0436\u0435\u043d\u0438\u044f\u0445, \u043f\u043e\u0434\u043f\u0438\u0448\u0438\u0442\u0435\u0441\u044c \u043d\u0430 \u0441\u0442\u0440\u0430\u043d\u0438\u0446\u044b Arvori Wood Art \u0432 \u0441\u043e\u0446\u0438\u0430\u043b\u044c\u043d\u044b\u0445 \u0441\u0435\u0442\u044f\u0445.<\/p>\n<p><a href=\"https:\/\/www.facebook.com\/ArvoriWoodArtUK\"><img loading=\"lazy\" decoding=\"async\" class=\"alignnone size-full wp-image-207\" src=\"https:\/\/arvori.md\/wp-content\/uploads\/2024\/02\/fb1.png\" alt=\"\" width=\"64\" height=\"64\" \/><\/a>\u00a0 <img loading=\"lazy\" decoding=\"async\" class=\"alignnone size-full wp-image-209\" src=\"https:\/\/arvori.md\/wp-content\/uploads\/2024\/02\/ins1.png\" alt=\"\" width=\"64\" height=\"64\" \/><\/p>","protected":false},"excerpt":{"rendered":"<p>Setul \u201dBel\u0219ug\u201d con\u021bine: 1 lad\u0103 din lemn 35 cm x 30 cm decorat\u0103 cu p\u00e2nz\u0103 \u00een stil rustic \u0219i panglic\u0103<\/p>","protected":false},"featured_media":471,"comment_status":"closed","ping_status":"closed","template":"","meta":[],"product_brand":[],"product_cat":[26],"product_tag":[],"class_list":{"0":"post-267","1":"product","2":"type-product","3":"status-publish","4":"has-post-thumbnail","6":"product_cat-cosuri-cadou","8":"first","9":"instock","10":"shipping-taxable","11":"purchasable","12":"product-type-simple"},"_links":{"self":[{"href":"https:\/\/arvori.md\/ru\/wp-json\/wp\/v2\/product\/267","targetHints":{"allow":["GET"]}}],"collection":[{"href":"https:\/\/arvori.md\/ru\/wp-json\/wp\/v2\/product"}],"about":[{"href":"https:\/\/arvori.md\/ru\/wp-json\/wp\/v2\/types\/product"}],"replies":[{"embeddable":true,"href":"https:\/\/arvori.md\/ru\/wp-json\/wp\/v2\/comments?post=267"}],"wp:featuredmedia":[{"embeddable":true,"href":"https:\/\/arvori.md\/ru\/wp-json\/wp\/v2\/media\/471"}],"wp:attachment":[{"href":"https:\/\/arvori.md\/ru\/wp-json\/wp\/v2\/media?parent=267"}],"wp:term":[{"taxonomy":"product_brand","embeddable":true,"href":"https:\/\/arvori.md\/ru\/wp-json\/wp\/v2\/product_brand?post=267"},{"taxonomy":"product_cat","embeddable":true,"href":"https:\/\/arvori.md\/ru\/wp-json\/wp\/v2\/product_cat?post=267"},{"taxonomy":"product_tag","embeddable":true,"href":"https:\/\/arvori.md\/ru\/wp-json\/wp\/v2\/product_tag?post=267"}],"curies":[{"name":"wp","href":"https:\/\/api.w.org\/{rel}","templated":true}]}}