{"id":1226,"date":"2026-03-28T13:16:24","date_gmt":"2026-03-28T13:16:24","guid":{"rendered":"https:\/\/arvori.md\/?post_type=product&#038;p=1226"},"modified":"2026-03-28T13:16:24","modified_gmt":"2026-03-28T13:16:24","slug":"platou-inima-personalizat-cadou-suvenir-romantic","status":"publish","type":"product","link":"https:\/\/arvori.md\/ru\/product\/platou-inima-personalizat-cadou-suvenir-romantic\/","title":{"rendered":"Platou \u201cInim\u0103\u201d Personalizat: Cadou Suvenir Romantic"},"content":{"rendered":"<p class=\"cvGsUA direction-ltr align-start para-style-body\"><span class=\"a_GcMg font-feature-liga-off font-feature-clig-off font-feature-calt-off text-decoration-none text-strikethrough-none\">Platou rotund din lemn de frasin \u2013 lucrat manual \u0219i finisat cu ulei alimentar, sigur pentru contactul cu alimentele. Ideal pentru br\u00e2nzeturi \u0219i ca\u0219caval, aperitive sau mezeluri, cu design elegant \u0219i compartimente practice.<\/span><\/p>\n<p class=\"cvGsUA direction-ltr align-start para-style-body\"><span class=\"a_GcMg font-feature-liga-off font-feature-clig-off font-feature-calt-off text-decoration-none text-strikethrough-none\">Un cadou autentic \u0219i personalizat, perfect pentru orice ocazie. \u00cel pute\u021bi oferi la nunt\u0103, botez, zi de na\u0219tere, cas\u0103 nou\u0103, aniversare, cum\u0103trie, etc.<\/span><\/p>\n<p class=\"cvGsUA direction-ltr align-start para-style-body\"><span class=\"a_GcMg font-feature-liga-off font-feature-clig-off font-feature-calt-off text-decoration-none text-strikethrough-none\">Pute\u021bi ad\u0103uga un nume, mesaj scurt sau dat\u0103, gravate pe fa\u021b\u0103 sau pe spate (op\u021bional). Completa\u021bi c\u00e2mpul de personalizare sau scrie\u021bi-ne pentru cereri speciale \u2013 v\u0103 ajut\u0103m cu drag!<\/span><\/p>","protected":false},"excerpt":{"rendered":"<p>Platou rotund din lemn de frasin \u2013 lucrat manual \u0219i finisat cu ulei alimentar, sigur pentru contactul cu alimentele. Ideal<\/p>","protected":false},"featured_media":1227,"comment_status":"closed","ping_status":"closed","template":"","meta":[],"product_brand":[],"product_cat":[79],"product_tag":[],"class_list":{"0":"post-1226","1":"product","2":"type-product","3":"status-publish","4":"has-post-thumbnail","6":"product_cat-platouri-personalizate","7":"wcpa_has_options","9":"first","10":"instock","11":"shipping-taxable","12":"purchasable","13":"product-type-simple"},"_links":{"self":[{"href":"https:\/\/arvori.md\/ru\/wp-json\/wp\/v2\/product\/1226","targetHints":{"allow":["GET"]}}],"collection":[{"href":"https:\/\/arvori.md\/ru\/wp-json\/wp\/v2\/product"}],"about":[{"href":"https:\/\/arvori.md\/ru\/wp-json\/wp\/v2\/types\/product"}],"replies":[{"embeddable":true,"href":"https:\/\/arvori.md\/ru\/wp-json\/wp\/v2\/comments?post=1226"}],"wp:featuredmedia":[{"embeddable":true,"href":"https:\/\/arvori.md\/ru\/wp-json\/wp\/v2\/media\/1227"}],"wp:attachment":[{"href":"https:\/\/arvori.md\/ru\/wp-json\/wp\/v2\/media?parent=1226"}],"wp:term":[{"taxonomy":"product_brand","embeddable":true,"href":"https:\/\/arvori.md\/ru\/wp-json\/wp\/v2\/product_brand?post=1226"},{"taxonomy":"product_cat","embeddable":true,"href":"https:\/\/arvori.md\/ru\/wp-json\/wp\/v2\/product_cat?post=1226"},{"taxonomy":"product_tag","embeddable":true,"href":"https:\/\/arvori.md\/ru\/wp-json\/wp\/v2\/product_tag?post=1226"}],"curies":[{"name":"wp","href":"https:\/\/api.w.org\/{rel}","templated":true}]}}