{"id":1044,"date":"2026-03-12T05:08:47","date_gmt":"2026-03-12T05:08:47","guid":{"rendered":"https:\/\/arvori.md\/?post_type=product&#038;p=1044"},"modified":"2026-03-12T05:08:47","modified_gmt":"2026-03-12T05:08:47","slug":"platou-suvenir-moldova-personalizat","status":"publish","type":"product","link":"https:\/\/arvori.md\/ru\/product\/platou-suvenir-moldova-personalizat\/","title":{"rendered":"Platou Suvenir \u201cMoldova\u201d Personalizat"},"content":{"rendered":"<div>\n<div>\n<div><\/div>\n<div>\n<p>Platou \u201eMoldova\u201d din lemn de frasin, lucrat manual \u0219i finisat cu ulei alimentar, sigur pentru contactul cu alimentele. Forma este inspirat\u0103 din conturul Republicii Moldova, iar textura natural\u0103 a lemnului ofer\u0103 un aspect autentic. Platoul este potrivit pentru servirea br\u00e2nzeturilor, aperitivelor, nucilor sau mezelurilor.<\/p>\n<\/div>\n<div>\n<p>Designul transform\u0103 produsul \u00eentr-un suvenir tradi\u021bional cu identitate local\u0103. Poate fi daruit in calitate de cadou sau suvenir traditional pentru profesori, evenimente corporative, nunt\u0103, aniversare, zi de na\u0219tere, cas\u0103 nou\u0103 sau s\u0103rb\u0103tori.<\/p>\n<\/div>\n<div>\n<p>Po\u021bi ad\u0103uga un nume, o dat\u0103 sau un mesaj scurt gravat pe lemn, pe fa\u021b\u0103 sau pe spate. Gravura ofer\u0103 unicitate \u0219i transform\u0103 platoul \u00eentr-un obiect memorabil.<\/p>\n<\/div>\n<\/div>\n<\/div>","protected":false},"excerpt":{"rendered":"<p class=\"p1\">M\u0103rimea &#8211; 29cm x 11cm<\/p>\n<p class=\"p1\">Material &#8211; lemn natural de fras\u00een<\/p>","protected":false},"featured_media":1045,"comment_status":"closed","ping_status":"closed","template":"","meta":[],"product_brand":[],"product_cat":[79],"product_tag":[],"class_list":{"0":"post-1044","1":"product","2":"type-product","3":"status-publish","4":"has-post-thumbnail","6":"product_cat-platouri-personalizate","7":"wcpa_has_options","9":"first","10":"instock","11":"shipping-taxable","12":"purchasable","13":"product-type-simple"},"_links":{"self":[{"href":"https:\/\/arvori.md\/ru\/wp-json\/wp\/v2\/product\/1044","targetHints":{"allow":["GET"]}}],"collection":[{"href":"https:\/\/arvori.md\/ru\/wp-json\/wp\/v2\/product"}],"about":[{"href":"https:\/\/arvori.md\/ru\/wp-json\/wp\/v2\/types\/product"}],"replies":[{"embeddable":true,"href":"https:\/\/arvori.md\/ru\/wp-json\/wp\/v2\/comments?post=1044"}],"wp:featuredmedia":[{"embeddable":true,"href":"https:\/\/arvori.md\/ru\/wp-json\/wp\/v2\/media\/1045"}],"wp:attachment":[{"href":"https:\/\/arvori.md\/ru\/wp-json\/wp\/v2\/media?parent=1044"}],"wp:term":[{"taxonomy":"product_brand","embeddable":true,"href":"https:\/\/arvori.md\/ru\/wp-json\/wp\/v2\/product_brand?post=1044"},{"taxonomy":"product_cat","embeddable":true,"href":"https:\/\/arvori.md\/ru\/wp-json\/wp\/v2\/product_cat?post=1044"},{"taxonomy":"product_tag","embeddable":true,"href":"https:\/\/arvori.md\/ru\/wp-json\/wp\/v2\/product_tag?post=1044"}],"curies":[{"name":"wp","href":"https:\/\/api.w.org\/{rel}","templated":true}]}}