{"id":1030,"date":"2026-03-10T18:35:48","date_gmt":"2026-03-10T18:35:48","guid":{"rendered":"https:\/\/arvori.md\/?post_type=product&#038;p=1030"},"modified":"2026-03-10T18:35:48","modified_gmt":"2026-03-10T18:35:48","slug":"platou-fagure-personalizat-6-compartimente","status":"publish","type":"product","link":"https:\/\/arvori.md\/ru\/product\/platou-fagure-personalizat-6-compartimente\/","title":{"rendered":"Platou Fagure Personalizat 6 Compartimente"},"content":{"rendered":"<div>\n<p>Platou \u201cFagure\u201d din lemn de frasin \u2013 lucrat manual \u0219i finisat cu ulei alimentar, sigur pentru contactul cu alimentele. Ideal pentru br\u00e2nzeturi \u0219i ca\u0219caval, aperitive sau mezeluri, cu design elegant \u0219i compartimente practice.<\/p>\n<\/div>\n<div>\n<p>Un cadou autentic \u0219i personalizat, perfect pentru orice ocazie. \u00cel pute\u021bi oferi la nunt\u0103, botez, zi de na\u0219tere, cas\u0103 nou\u0103, aniversare, cum\u0103trie, etc.<\/p>\n<\/div>\n<div>\n<p>Pute\u021bi ad\u0103uga un nume, mesaj scurt sau dat\u0103, gravate pe fa\u021b\u0103 sau pe spate (op\u021bional). Completa\u021bi c\u00e2mpul de personalizare sau scrie\u021bi-ne pentru cereri speciale \u2013 v\u0103 ajut\u0103m cu drag!<\/p>\n<\/div>","protected":false},"excerpt":{"rendered":"<p class=\"p1\">M\u0103rimea &#8211; 28cm x 28 cm<\/p>\n<p class=\"p1\">Material &#8211; lemn natural de fras\u00een<\/p>","protected":false},"featured_media":1031,"comment_status":"closed","ping_status":"closed","template":"","meta":[],"product_brand":[],"product_cat":[79],"product_tag":[],"class_list":{"0":"post-1030","1":"product","2":"type-product","3":"status-publish","4":"has-post-thumbnail","6":"product_cat-platouri-personalizate","7":"wcpa_has_options","9":"first","10":"instock","11":"shipping-taxable","12":"purchasable","13":"product-type-simple"},"_links":{"self":[{"href":"https:\/\/arvori.md\/ru\/wp-json\/wp\/v2\/product\/1030","targetHints":{"allow":["GET"]}}],"collection":[{"href":"https:\/\/arvori.md\/ru\/wp-json\/wp\/v2\/product"}],"about":[{"href":"https:\/\/arvori.md\/ru\/wp-json\/wp\/v2\/types\/product"}],"replies":[{"embeddable":true,"href":"https:\/\/arvori.md\/ru\/wp-json\/wp\/v2\/comments?post=1030"}],"wp:featuredmedia":[{"embeddable":true,"href":"https:\/\/arvori.md\/ru\/wp-json\/wp\/v2\/media\/1031"}],"wp:attachment":[{"href":"https:\/\/arvori.md\/ru\/wp-json\/wp\/v2\/media?parent=1030"}],"wp:term":[{"taxonomy":"product_brand","embeddable":true,"href":"https:\/\/arvori.md\/ru\/wp-json\/wp\/v2\/product_brand?post=1030"},{"taxonomy":"product_cat","embeddable":true,"href":"https:\/\/arvori.md\/ru\/wp-json\/wp\/v2\/product_cat?post=1030"},{"taxonomy":"product_tag","embeddable":true,"href":"https:\/\/arvori.md\/ru\/wp-json\/wp\/v2\/product_tag?post=1030"}],"curies":[{"name":"wp","href":"https:\/\/api.w.org\/{rel}","templated":true}]}}