{"id":16,"date":"2023-12-26T10:21:47","date_gmt":"2023-12-26T10:21:47","guid":{"rendered":"https:\/\/arvori.md\/?page_id=16"},"modified":"2023-12-28T08:16:00","modified_gmt":"2023-12-28T08:16:00","slug":"despre-avrori","status":"publish","type":"page","link":"https:\/\/arvori.md\/ru\/despre-avrori\/","title":{"rendered":"\u041e\u0431 \u0410\u0440\u0432\u043e\u0440\u0438"},"content":{"rendered":"<div class=\"wpb-content-wrapper\"><div class=\"vc_row wpb_row vc_row-fluid\"><div class=\"wpb_column vc_column_container vc_col-sm-6\"><div class=\"vc_column-inner\"><div class=\"wpb_wrapper\">\n\t\t<div id=\"wd-658ac64b55a3e\" class=\"title-wrapper wd-wpb set-mb-s reset-last-child  wd-rs-658ac64b55a3e wd-title-color-primary wd-title-style-simple text-left  wd-underline-colored\">\n\t\t\t\n\t\t\t<div class=\"liner-continer\">\n\t\t\t\t<h4 class=\"woodmart-title-container title  wd-font-weight- wd-fontsize-l\" >DESPRE \u00c1RVORI<\/h4>\n\t\t\t\t\t\t\t<\/div>\n\t\t\t\n\t\t\t\t\t\t\t<div class=\"title-after_title  set-cont-mb-s reset-last-child  wd-fontsize-xs\">\u041a\u043e\u043c\u0430\u043d\u0434\u0430 \u00c1rvori Wood Art \u0441\u043f\u0435\u0446\u0438\u0430\u043b\u0438\u0437\u0438\u0440\u0443\u0435\u0442\u0441\u044f \u043d\u0430 \u043f\u0440\u043e\u0438\u0437\u0432\u043e\u0434\u0441\u0442\u0432\u0435 \u0434\u0435\u0440\u0435\u0432\u044f\u043d\u043d\u044b\u0445 \u0438\u0437\u0434\u0435\u043b\u0438\u0439 \u0438 \u0433\u0430\u0440\u043c\u043e\u043d\u0438\u0447\u043d\u043e\u043c \u043f\u0440\u0435\u0432\u0440\u0430\u0449\u0435\u043d\u0438\u0438 \u0438\u0445 \u0432 \u0438\u0434\u0435\u0430\u043b\u044c\u043d\u044b\u0435 \u043f\u043e\u0434\u0430\u0440\u043a\u0438 \u043d\u0430 \u043b\u044e\u0431\u043e\u0439 \u0441\u043b\u0443\u0447\u0430\u0439.<br \/>\nDac\u0103 dori\u021bi s\u0103 ad\u0103uga\u021bi buc\u0103t\u0103riei dumneavostr\u0103 o not\u0103 rustic\u0103 sau de naturale\u021be, atunci produsele noastre reprezint\u0103 solu\u021bia ideal\u0103.<\/p>\n<p>Cu un design deosebit, multifunc\u021bionale \u0219i durabile, platourile din lemn de la \u00c1rvori Wood Art sunt exact de ce ave\u021bi nevoie. Perfecte pentru servirea diverselor gust\u0103ri \u0219i tipuri de m\u00e2ncare, platourile noastre permit \u0219i prezentarea aspectuoas\u0103 a diferitor aranjamente culinare din mezeluri \u0219i ca\u0219cavaluri, dup\u0103 bunul dumneavoastr\u0103 plac.<br \/>\nPlatourile noastre reprezint\u0103 cadourile perfecte pentru cele mai variate ocazii, precum zile de na\u0219tere, anivers\u0103ri, cum\u0103trii, nun\u021bi, cas\u0103 nou\u0103 sau evenimente corporative \u0219i pot fi d\u0103ruite cu \u00eencredere at\u00e2t persoanelor apropiate, c\u00e2t \u0219i angaja\u021bilor, clien\u021bilor sau partenerilor de afaceri.<\/p>\n<p>Indiferent de ocazie, la noi ve\u021bi g\u0103si \u0219i o selec\u021bie vast\u0103 de co\u0219uri cadou, at\u00e2t preg\u0103tite cu dragoste de echipa \u00c1rvori Wood Art, c\u00e2t \u0219i create \u0219i asamblate dup\u0103 preferin\u021ba \u0219i gustul dumneavoastr\u0103.<br \/>\n<\/div>\n\t\t\t\n\t\t\t\n\t\t<\/div>\n\t\t\n\t\t<\/div><\/div><\/div><div class=\"wpb_column vc_column_container vc_col-sm-6\"><div class=\"vc_column-inner\"><div class=\"wpb_wrapper\">\n\t<div  class=\"wpb_single_image wpb_content_element vc_align_center wpb_animate_when_almost_visible wpb_fadeInDown fadeInDown\">\n\t\t\n\t\t<figure class=\"wpb_wrapper vc_figure\">\n\t\t\t<div class=\"vc_single_image-wrapper vc_box_shadow_3d  vc_box_border_grey\"><img loading=\"lazy\" decoding=\"async\" width=\"1000\" height=\"1000\" src=\"https:\/\/arvori.md\/wp-content\/uploads\/2023\/12\/logofinal.png\" class=\"vc_single_image-img attachment-full\" alt=\"\" title=\"logofinal\" srcset=\"https:\/\/arvori.md\/wp-content\/uploads\/2023\/12\/logofinal.png 1000w, https:\/\/arvori.md\/wp-content\/uploads\/2023\/12\/logofinal-300x300.png 300w, https:\/\/arvori.md\/wp-content\/uploads\/2023\/12\/logofinal-150x150.png 150w, https:\/\/arvori.md\/wp-content\/uploads\/2023\/12\/logofinal-600x600.png 600w, https:\/\/arvori.md\/wp-content\/uploads\/2023\/12\/logofinal-768x768.png 768w\" sizes=\"auto, (max-width: 1000px) 100vw, 1000px\" \/><\/div>\n\t\t<\/figure>\n\t<\/div>\n<\/div><\/div><\/div><\/div>\n<\/div>","protected":false},"excerpt":{"rendered":"DESPRE \u00c1RVORI Echipa \u00c1rvori Wood Art este specializat\u0103 \u00een producerea articolelor din lemn \u0219i \u00een transformarea armonioas\u0103 a acestora \u00een","protected":false},"author":1,"featured_media":0,"parent":0,"menu_order":0,"comment_status":"closed","ping_status":"closed","template":"","meta":{"footnotes":""},"class_list":["post-16","page","type-page","status-publish","hentry"],"_links":{"self":[{"href":"https:\/\/arvori.md\/ru\/wp-json\/wp\/v2\/pages\/16","targetHints":{"allow":["GET"]}}],"collection":[{"href":"https:\/\/arvori.md\/ru\/wp-json\/wp\/v2\/pages"}],"about":[{"href":"https:\/\/arvori.md\/ru\/wp-json\/wp\/v2\/types\/page"}],"author":[{"embeddable":true,"href":"https:\/\/arvori.md\/ru\/wp-json\/wp\/v2\/users\/1"}],"replies":[{"embeddable":true,"href":"https:\/\/arvori.md\/ru\/wp-json\/wp\/v2\/comments?post=16"}],"version-history":[{"count":5,"href":"https:\/\/arvori.md\/ru\/wp-json\/wp\/v2\/pages\/16\/revisions"}],"predecessor-version":[{"id":130,"href":"https:\/\/arvori.md\/ru\/wp-json\/wp\/v2\/pages\/16\/revisions\/130"}],"wp:attachment":[{"href":"https:\/\/arvori.md\/ru\/wp-json\/wp\/v2\/media?parent=16"}],"curies":[{"name":"wp","href":"https:\/\/api.w.org\/{rel}","templated":true}]}}