{"id":144,"date":"2024-01-15T11:36:28","date_gmt":"2024-01-15T11:36:28","guid":{"rendered":"https:\/\/arvori.md\/?page_id=144"},"modified":"2024-05-01T09:53:57","modified_gmt":"2024-05-01T09:53:57","slug":"dreptul-la-retur","status":"publish","type":"page","link":"https:\/\/arvori.md\/ru\/dreptul-la-retur\/","title":{"rendered":"\u0423\u0421\u041b\u041e\u0412\u0418\u042f \u0412\u041e\u0417\u0412\u0420\u0410\u0422\u0410"},"content":{"rendered":"<div class=\"wpb-content-wrapper\"><div class=\"vc_row wpb_row vc_row-fluid vc_custom_1661859720606 vc_row-o-content-middle vc_row-flex row-reverse-tablet wd-rs-630df782efede\"><div class=\"wpb_column vc_column_container vc_col-sm-12 vc_col-lg-6 wd-rs-630df69a597f9\"><div class=\"vc_column-inner\"><div class=\"wpb_wrapper\">\n\t\t<div id=\"wd-662611c3a980d\" class=\"title-wrapper wd-wpb set-mb-s reset-last-child  wd-rs-662611c3a980d wd-title-color-default wd-title-style-default text-left vc_custom_1713770951614 wd-underline-colored\">\n\t\t\t\n\t\t\t<div class=\"liner-continer\">\n\t\t\t\t<h4 class=\"woodmart-title-container title  wd-font-weight- wd-fontsize-l\" >\u0423\u0421\u041b\u041e\u0412\u0418\u042f \u0412\u041e\u0417\u0412\u0420\u0410\u0422\u0410<\/h4>\n\t\t\t\t\t\t\t<\/div>\n\t\t\t\n\t\t\t\n\t\t\t\n\t\t<\/div>\n\t\t\n\t\t\t\t<div id=\"wd-6632112cbcad4\" class=\"wd-text-block wd-wpb reset-last-child wd-rs-6632112cbcad4 text-left\">\n\t\t\t<p>Conform no\u021biunii din Legea nr. 105-XV din 13 martie 2013 privind protec\u021bia consumatorilor<br \/>\nCump\u0103r\u0103torul are dreptul de a returna din anumite motive produsul procurat \u00een timp de 14 zile de la<br \/>\nziua achit\u0103rii. Mijloacele b\u0103ne\u0219ti sunt returnate pe cardul de pe care s-a efectuat cump\u0103r\u0103tura.<br \/>\nArticolele care au fost scoase din ambalajul ini\u021bial nu pot fi schimbate sau returnate, \u00een conformitate cu Anexa nr.2 a<br \/>\nHot\u0103r\u00e2rii Guvernului \u21161465 din\u00a008.12.2003 (MO248-253\/19.12.2003), \u00een redac\u021bia\u00a0Hot\u0103r\u00e2rii Guvernului<br \/>\n\u21161188 din\u00a002.11.2007 (\u041c\u041e175\/09.11.2007).<br \/>\nContactele companiei in caz de retur: +373 68 59 69 59<br \/>\nTermenul de procesare a cererii de retur: 2-5 zile<br \/>\nCondi\u021biile de retur: produsul returnat trebuie sa fie in\u00a0stare noua, etichetat, fara semne de folosinta sau defecte mecanice.<\/p>\n\t\t<\/div>\n\t\t<div id=\"wd-662611ce523de\" class=\"wd-rs-662611ce523de vc_custom_1713770971983 wd-button-wrapper text-left\"><a href=\"\/ru\/shop\/\" title=\"FAQs\" class=\"btn btn-color-primary btn-style-default btn-style-semi-round btn-size-default\">Mergi la magazin<\/a><\/div><\/div><\/div><\/div><div class=\"wpb_column vc_column_container vc_col-sm-12 vc_col-lg-6 wd-rs-630df69f514f6\"><div class=\"vc_column-inner\"><div class=\"wpb_wrapper\">\t\t<div id=\"wd-662611e4aa962\" class=\"wd-image wd-wpb wd-rs-662611e4aa962 text-left\">\n\t\t\t\n\t\t\t<img loading=\"lazy\" decoding=\"async\" width=\"1000\" height=\"1000\" src=\"https:\/\/arvori.md\/wp-content\/uploads\/2023\/12\/logofinal.png\" class=\"attachment-full\" alt=\"\" title=\"logofinal\" srcset=\"https:\/\/arvori.md\/wp-content\/uploads\/2023\/12\/logofinal.png 1000w, https:\/\/arvori.md\/wp-content\/uploads\/2023\/12\/logofinal-300x300.png 300w, https:\/\/arvori.md\/wp-content\/uploads\/2023\/12\/logofinal-150x150.png 150w, https:\/\/arvori.md\/wp-content\/uploads\/2023\/12\/logofinal-600x600.png 600w, https:\/\/arvori.md\/wp-content\/uploads\/2023\/12\/logofinal-768x768.png 768w\" sizes=\"auto, (max-width: 1000px) 100vw, 1000px\" \/>\n\t\t\t\t\t<\/div>\n\t\t<\/div><\/div><\/div><\/div>\n<\/div>","protected":false},"excerpt":{"rendered":"TERMENI DE RETURNARE Conform no\u021biunii din Legea nr. 105-XV din 13 martie 2013 privind protec\u021bia consumatorilor Cump\u0103r\u0103torul are dreptul de","protected":false},"author":1,"featured_media":0,"parent":0,"menu_order":0,"comment_status":"closed","ping_status":"closed","template":"","meta":{"footnotes":""},"class_list":["post-144","page","type-page","status-publish","hentry"],"_links":{"self":[{"href":"https:\/\/arvori.md\/ru\/wp-json\/wp\/v2\/pages\/144","targetHints":{"allow":["GET"]}}],"collection":[{"href":"https:\/\/arvori.md\/ru\/wp-json\/wp\/v2\/pages"}],"about":[{"href":"https:\/\/arvori.md\/ru\/wp-json\/wp\/v2\/types\/page"}],"author":[{"embeddable":true,"href":"https:\/\/arvori.md\/ru\/wp-json\/wp\/v2\/users\/1"}],"replies":[{"embeddable":true,"href":"https:\/\/arvori.md\/ru\/wp-json\/wp\/v2\/comments?post=144"}],"version-history":[{"count":6,"href":"https:\/\/arvori.md\/ru\/wp-json\/wp\/v2\/pages\/144\/revisions"}],"predecessor-version":[{"id":636,"href":"https:\/\/arvori.md\/ru\/wp-json\/wp\/v2\/pages\/144\/revisions\/636"}],"wp:attachment":[{"href":"https:\/\/arvori.md\/ru\/wp-json\/wp\/v2\/media?parent=144"}],"curies":[{"name":"wp","href":"https:\/\/api.w.org\/{rel}","templated":true}]}}