{"id":140,"date":"2024-01-15T11:34:46","date_gmt":"2024-01-15T11:34:46","guid":{"rendered":"https:\/\/arvori.md\/?page_id=140"},"modified":"2024-04-22T07:24:11","modified_gmt":"2024-04-22T07:24:11","slug":"inregistrarea-si-achitarea-comenzii","status":"publish","type":"page","link":"https:\/\/arvori.md\/ru\/inregistrarea-si-achitarea-comenzii\/","title":{"rendered":"\u0417\u0410\u041a\u0410\u0417 \u041e\u0424\u041e\u0420\u041c\u041b\u0415\u041d\u0418\u042f \u0418 \u041e\u041f\u041b\u0410\u0422\u042b"},"content":{"rendered":"<div class=\"wpb-content-wrapper\"><div class=\"vc_row wpb_row vc_row-fluid vc_custom_1661859720606 vc_row-o-content-middle vc_row-flex row-reverse-tablet wd-rs-630df782efede\"><div class=\"wpb_column vc_column_container vc_col-sm-12 vc_col-lg-6 wd-rs-630df69a597f9\"><div class=\"vc_column-inner\"><div class=\"wpb_wrapper\">\n\t\t<div id=\"wd-6626106525c5c\" class=\"title-wrapper wd-wpb set-mb-s reset-last-child  wd-rs-6626106525c5c wd-title-color-default wd-title-style-default text-left vc_custom_1713770602023 wd-underline-colored\">\n\t\t\t\n\t\t\t<div class=\"liner-continer\">\n\t\t\t\t<h4 class=\"woodmart-title-container title  wd-font-weight- wd-fontsize-l\" >\u0417\u0410\u041a\u0410\u0417 \u041e\u0424\u041e\u0420\u041c\u041b\u0415\u041d\u0418\u042f \u0418 \u041e\u041f\u041b\u0410\u0422\u042b<\/h4>\n\t\t\t\t\t\t\t<\/div>\n\t\t\t\n\t\t\t\n\t\t\t\n\t\t<\/div>\n\t\t\n\t\t\t\t<div id=\"wd-66261035ca0d1\" class=\"wd-text-block wd-wpb reset-last-child wd-rs-66261035ca0d1 text-left\">\n\t\t\t<p>Achitarea comenzilor este posibil\u0103 cu cardul de plat\u0103 \u2013 la primirea comenzii ve\u021bi primi bonul fiscal ce va confirma plata. Plata online se face \u00een condi\u021bii de siguran\u021ba maxima folosind ca instrument de plat\u0103 cardul de plat\u0103, care permite efectuarea de tranzac\u021bii online. Dup\u0103 efectuarea pl\u0103\u021bii ve\u021bi primi o confirmare de plata pe adresa dvs. de email. Procesatorul de plata folose\u0219te un sistem securizat, bazat pe ultima versiunea a standardului de securitate 3D-Secure ceea ce \u00eenseamn\u0103 o nou\u0103 abordare global\u0103 a autentific\u0103rii cump\u0103r\u0103torilor \u00een tranzac\u021bii sigure online. Aceasta m\u0103sura de siguran\u021ba presupune redirec\u021bionarea utilizatorului \u00een momentul efectu\u0103rii pla\u021bii pe o pagina securizata maib unde autentificarea fiec\u0103rui de\u021bin\u0103tor de card se face prin atribuirea unui cod de unic\u0103 folosin\u021be pentru fiecare tranzac\u021bie online. Rambursarea mijloacelor b\u0103ne\u0219ti se efectueaz\u0103 doar pe cardul de plat\u0103 care a fost folosit pentru achizi\u021bie. Pentru a efectua o plat\u0103, va trebui s\u0103 introduce\u021bi detaliile cardului dvs. bancar. Transferul acestor informa\u021bii se face \u00een conformitate cu toate m\u0103surile de securitate necesare. Informa\u021biile sunt transmise \u00een form\u0103 criptat\u0103 \u0219i sunt stocate numai pe un server specializat al sistemului de pl\u0103\u021bi. Pentru efectuarea pl\u0103\u021bii vor fi solicitate urm\u0103toarele date:<br \/>\nNum\u0103rul cardului (16 cifre)<br \/>\nData expir\u0103rii (luna \u0219i anul)<br \/>\nCodul CVC sau CVV (3 cifre)<br \/>\nNumele \u0219i prenumele de pe cardul de plat\u0103.<br \/>\n\u00cen cazul \u00een care valuta cardului difer\u0103 de valuta tranzac\u021biei (MDL), atunci la convertirea sumei re\u021binute din contul de card se vor aplica condi\u021biile b\u0103ncii emitente.<\/p>\n\t\t<\/div>\n\t\t<div id=\"wd-6626104108762\" class=\"wd-rs-6626104108762 vc_custom_1713770576816 wd-button-wrapper text-left\"><a href=\"\/ru\/shop\/\" title=\"FAQs\" class=\"btn btn-color-primary btn-style-default btn-style-semi-round btn-size-default\">Mergi la magazin<\/a><\/div><\/div><\/div><\/div><div class=\"wpb_column vc_column_container vc_col-sm-12 vc_col-lg-6 wd-rs-630df69f514f6\"><div class=\"vc_column-inner\"><div class=\"wpb_wrapper\">\t\t<div id=\"wd-6626108255029\" class=\"wd-image wd-wpb wd-rs-6626108255029 text-left\">\n\t\t\t\n\t\t\t<img loading=\"lazy\" decoding=\"async\" width=\"1000\" height=\"1000\" src=\"https:\/\/arvori.md\/wp-content\/uploads\/2023\/12\/logofinal.png\" class=\"attachment-full\" alt=\"\" title=\"logofinal\" srcset=\"https:\/\/arvori.md\/wp-content\/uploads\/2023\/12\/logofinal.png 1000w, https:\/\/arvori.md\/wp-content\/uploads\/2023\/12\/logofinal-300x300.png 300w, https:\/\/arvori.md\/wp-content\/uploads\/2023\/12\/logofinal-150x150.png 150w, https:\/\/arvori.md\/wp-content\/uploads\/2023\/12\/logofinal-600x600.png 600w, https:\/\/arvori.md\/wp-content\/uploads\/2023\/12\/logofinal-768x768.png 768w\" sizes=\"auto, (max-width: 1000px) 100vw, 1000px\" \/>\n\t\t\t\t\t<\/div>\n\t\t<\/div><\/div><\/div><\/div>\n<\/div>","protected":false},"excerpt":{"rendered":"\u00ceNREGISTRAREA \u0218I ACHITAREA COMENZII Achitarea comenzilor este posibil\u0103 cu cardul de plat\u0103 \u2013 la primirea comenzii ve\u021bi primi bonul fiscal","protected":false},"author":1,"featured_media":0,"parent":0,"menu_order":0,"comment_status":"closed","ping_status":"closed","template":"","meta":{"footnotes":""},"class_list":["post-140","page","type-page","status-publish","hentry"],"_links":{"self":[{"href":"https:\/\/arvori.md\/ru\/wp-json\/wp\/v2\/pages\/140","targetHints":{"allow":["GET"]}}],"collection":[{"href":"https:\/\/arvori.md\/ru\/wp-json\/wp\/v2\/pages"}],"about":[{"href":"https:\/\/arvori.md\/ru\/wp-json\/wp\/v2\/types\/page"}],"author":[{"embeddable":true,"href":"https:\/\/arvori.md\/ru\/wp-json\/wp\/v2\/users\/1"}],"replies":[{"embeddable":true,"href":"https:\/\/arvori.md\/ru\/wp-json\/wp\/v2\/comments?post=140"}],"version-history":[{"count":3,"href":"https:\/\/arvori.md\/ru\/wp-json\/wp\/v2\/pages\/140\/revisions"}],"predecessor-version":[{"id":626,"href":"https:\/\/arvori.md\/ru\/wp-json\/wp\/v2\/pages\/140\/revisions\/626"}],"wp:attachment":[{"href":"https:\/\/arvori.md\/ru\/wp-json\/wp\/v2\/media?parent=140"}],"curies":[{"name":"wp","href":"https:\/\/api.w.org\/{rel}","templated":true}]}}