{"id":138,"date":"2024-01-15T11:33:11","date_gmt":"2024-01-15T11:33:11","guid":{"rendered":"https:\/\/arvori.md\/?page_id=138"},"modified":"2024-04-22T07:21:46","modified_gmt":"2024-04-22T07:21:46","slug":"protectia-datelor-cu-caracter-personal","status":"publish","type":"page","link":"https:\/\/arvori.md\/ru\/protectia-datelor-cu-caracter-personal\/","title":{"rendered":"\u0417\u0410\u0429\u0418\u0422\u0410 \u041f\u0415\u0420\u0421\u041e\u041d\u0410\u041b\u042c\u041d\u042b\u0425 \u0414\u0410\u041d\u041d\u042b\u0425"},"content":{"rendered":"<div class=\"wpb-content-wrapper\"><div class=\"vc_row wpb_row vc_row-fluid vc_custom_1661859720606 vc_row-o-content-middle vc_row-flex row-reverse-tablet wd-rs-630df782efede\"><div class=\"wpb_column vc_column_container vc_col-sm-12 vc_col-lg-6 wd-rs-630df69a597f9\"><div class=\"vc_column-inner\"><div class=\"wpb_wrapper\">\n\t\t<div id=\"wd-66260fd5bca2e\" class=\"title-wrapper wd-wpb set-mb-s reset-last-child  wd-rs-66260fd5bca2e wd-title-color-default wd-title-style-default text-left vc_custom_1713770458010 wd-underline-colored\">\n\t\t\t\n\t\t\t<div class=\"liner-continer\">\n\t\t\t\t<h4 class=\"woodmart-title-container title  wd-font-weight- wd-fontsize-l\" >\u0417\u0410\u0429\u0418\u0422\u0410 \u041f\u0415\u0420\u0421\u041e\u041d\u0410\u041b\u042c\u041d\u042b\u0425 \u0414\u0410\u041d\u041d\u042b\u0425<\/h4>\n\t\t\t\t\t\t\t<\/div>\n\t\t\t\n\t\t\t\n\t\t\t\n\t\t<\/div>\n\t\t\n\t\t\t\t<div id=\"wd-66260fc73710d\" class=\"wd-text-block wd-wpb reset-last-child wd-rs-66260fc73710d text-left\">\n\t\t\t<p>Prin utilizarea site-ului www.arvori.md , sunte\u021bi de acord \u00een mod automat cu colectarea \u0219i prelucrarea datelor cu caracter personal, care sunt necesare pentru procesarea\/confirmarea\/executarea comenzilor. Datele personale se prelucreaz\u0103 doar pentru scopuri legitime, precum acela de a furniza produsele pe care le comanzi, promo\u021bii, google analytics, cookies \u0219i notific\u0103ri\\newsletter. Toat\u0103 informa\u021bia ce con\u021bine date cu caracter personal este stocat\u0103 \u0219i utilizat\u0103 doar pentru perioada necesar\u0103 atingerii scopurilor pentru care a fost colectat\u0103 \u0219i \u00een conformitate cu prevederile stabilite de Legea nr. 133\/2011 privind protec\u021bia datelor cu caracter personal. Noi folosim m\u0103suri de securitate comerciale pentru a preveni accesul neautorizat, men\u021binerea exactit\u0103\u021bii date-lor \u0219i pentru asigurarea utiliz\u0103rii corecte a informa\u021biei de pe site. Transmiterea datelor pe internet sau prin re\u021bea wireless nu poate fi protejata \u00een totalitate. Prin urmare, la fel ca alte companii, noi nu putem garanta securitatea informa\u021biei pe care o ofer\u0103 Cump\u0103r\u0103torului, astfel, el va face acest lucru pe propria r\u0103spundere.<\/p>\n\t\t<\/div>\n\t\t<div id=\"wd-66260fb43770d\" class=\"wd-rs-66260fb43770d vc_custom_1713770433807 wd-button-wrapper text-left\"><a href=\"\/ru\/shop\/\" title=\"FAQs\" class=\"btn btn-color-primary btn-style-default btn-style-semi-round btn-size-default\">Mergi la magazin<\/a><\/div><\/div><\/div><\/div><div class=\"wpb_column vc_column_container vc_col-sm-12 vc_col-lg-6 wd-rs-630df69f514f6\"><div class=\"vc_column-inner\"><div class=\"wpb_wrapper\">\t\t<div id=\"wd-66260ff6d780f\" class=\"wd-image wd-wpb wd-rs-66260ff6d780f text-left\">\n\t\t\t\n\t\t\t<img loading=\"lazy\" decoding=\"async\" width=\"1000\" height=\"1000\" src=\"https:\/\/arvori.md\/wp-content\/uploads\/2023\/12\/logofinal.png\" class=\"attachment-full\" alt=\"\" title=\"logofinal\" srcset=\"https:\/\/arvori.md\/wp-content\/uploads\/2023\/12\/logofinal.png 1000w, https:\/\/arvori.md\/wp-content\/uploads\/2023\/12\/logofinal-300x300.png 300w, https:\/\/arvori.md\/wp-content\/uploads\/2023\/12\/logofinal-150x150.png 150w, https:\/\/arvori.md\/wp-content\/uploads\/2023\/12\/logofinal-600x600.png 600w, https:\/\/arvori.md\/wp-content\/uploads\/2023\/12\/logofinal-768x768.png 768w\" sizes=\"auto, (max-width: 1000px) 100vw, 1000px\" \/>\n\t\t\t\t\t<\/div>\n\t\t<\/div><\/div><\/div><\/div>\n<\/div>","protected":false},"excerpt":{"rendered":"PROTEC\u021aIA DATELOR CU CARACTER PERSONAL Prin utilizarea site-ului www.arvori.md , sunte\u021bi de acord \u00een mod automat cu colectarea \u0219i prelucrarea","protected":false},"author":1,"featured_media":0,"parent":0,"menu_order":0,"comment_status":"closed","ping_status":"closed","template":"","meta":{"footnotes":""},"class_list":["post-138","page","type-page","status-publish","hentry"],"_links":{"self":[{"href":"https:\/\/arvori.md\/ru\/wp-json\/wp\/v2\/pages\/138","targetHints":{"allow":["GET"]}}],"collection":[{"href":"https:\/\/arvori.md\/ru\/wp-json\/wp\/v2\/pages"}],"about":[{"href":"https:\/\/arvori.md\/ru\/wp-json\/wp\/v2\/types\/page"}],"author":[{"embeddable":true,"href":"https:\/\/arvori.md\/ru\/wp-json\/wp\/v2\/users\/1"}],"replies":[{"embeddable":true,"href":"https:\/\/arvori.md\/ru\/wp-json\/wp\/v2\/comments?post=138"}],"version-history":[{"count":3,"href":"https:\/\/arvori.md\/ru\/wp-json\/wp\/v2\/pages\/138\/revisions"}],"predecessor-version":[{"id":625,"href":"https:\/\/arvori.md\/ru\/wp-json\/wp\/v2\/pages\/138\/revisions\/625"}],"wp:attachment":[{"href":"https:\/\/arvori.md\/ru\/wp-json\/wp\/v2\/media?parent=138"}],"curies":[{"name":"wp","href":"https:\/\/api.w.org\/{rel}","templated":true}]}}