{"id":136,"date":"2024-01-15T11:32:06","date_gmt":"2024-01-15T11:32:06","guid":{"rendered":"https:\/\/arvori.md\/?page_id=136"},"modified":"2024-04-22T07:21:49","modified_gmt":"2024-04-22T07:21:49","slug":"dispozitii-generale","status":"publish","type":"page","link":"https:\/\/arvori.md\/ru\/dispozitii-generale\/","title":{"rendered":"\u041e\u0411\u0429\u0418\u0415 \u041f\u041e\u041b\u041e\u0416\u0415\u041d\u0418\u042f"},"content":{"rendered":"<div class=\"wpb-content-wrapper\"><div class=\"vc_row wpb_row vc_row-fluid vc_custom_1661859720606 vc_row-o-content-middle vc_row-flex row-reverse-tablet wd-rs-630df782efede\"><div class=\"wpb_column vc_column_container vc_col-sm-12 vc_col-lg-6 wd-rs-630df69a597f9\"><div class=\"vc_column-inner\"><div class=\"wpb_wrapper\">\n\t\t<div id=\"wd-66260f0215aa3\" class=\"title-wrapper wd-wpb set-mb-s reset-last-child  wd-rs-66260f0215aa3 wd-title-color-default wd-title-style-default text-left vc_custom_1713770259786 wd-underline-colored\">\n\t\t\t\n\t\t\t<div class=\"liner-continer\">\n\t\t\t\t<h4 class=\"woodmart-title-container title  wd-font-weight- wd-fontsize-l\" >Dispozi\u021bii Generale<\/h4>\n\t\t\t\t\t\t\t<\/div>\n\t\t\t\n\t\t\t\n\t\t\t\n\t\t<\/div>\n\t\t\n\t\t\t\t<div id=\"wd-66260e7b54011\" class=\"wd-text-block wd-wpb reset-last-child wd-rs-66260e7b54011 text-left\">\n\t\t\t<p>Acest site este de\u021binut de COMPASS BUSINESS SRL. La \u00eenregistrarea comenzii in magazinul online, Cump\u0103r\u0103torul accepta Termeni si Condi\u021biile de v\u00e2nzare a bunurilor\/produselor \u0219i\/sau prestare a serviciilor care sunt baza\u021bi pe legisla\u021bia RM (in continuare \u2013 Termeni \u0219i Condi\u021bii) prezentate mai jos. Utilizarea website-ului presupune acceptarea Termeni si Condi\u021bii propuse de c\u0103tre COMPASS BUSINESS SRL, \u00een conformitate cu Legea nr.284\/2004 privind Comer\u021bul Electronic. Rela\u021biile dintre client si v\u00e2nz\u0103tor sunt stabilite \u00een baza Legii nr.105\/2003 cu privire la Protec\u021bia drepturilor consumatorului, si a altor acte normative adoptate \u00een conformitate cu aceasta. V\u00e2nz\u0103torul \u00ee\u0219i rezerva dreptul de a modifica Termenii si Condi\u021biile date, iar Cump\u0103r\u0103torul este obligat sa monitorizeze modific\u0103rile.<\/p>\n\t\t<\/div>\n\t\t<div id=\"wd-66260f1c103e4\" class=\"wd-rs-66260f1c103e4 vc_custom_1713770299467 wd-button-wrapper text-left\"><a href=\"\/ru\/shop\/\" title=\"FAQs\" class=\"btn btn-color-primary btn-style-default btn-style-semi-round btn-size-default\">Mergi la magazin<\/a><\/div><\/div><\/div><\/div><div class=\"wpb_column vc_column_container vc_col-sm-12 vc_col-lg-6 wd-rs-630df69f514f6\"><div class=\"vc_column-inner\"><div class=\"wpb_wrapper\">\t\t<div id=\"wd-66260f40af2b8\" class=\"wd-image wd-wpb wd-rs-66260f40af2b8 text-left\">\n\t\t\t\n\t\t\t<img loading=\"lazy\" decoding=\"async\" width=\"1000\" height=\"1000\" src=\"https:\/\/arvori.md\/wp-content\/uploads\/2023\/12\/logofinal.png\" class=\"attachment-full\" alt=\"\" title=\"logofinal\" srcset=\"https:\/\/arvori.md\/wp-content\/uploads\/2023\/12\/logofinal.png 1000w, https:\/\/arvori.md\/wp-content\/uploads\/2023\/12\/logofinal-300x300.png 300w, https:\/\/arvori.md\/wp-content\/uploads\/2023\/12\/logofinal-150x150.png 150w, https:\/\/arvori.md\/wp-content\/uploads\/2023\/12\/logofinal-600x600.png 600w, https:\/\/arvori.md\/wp-content\/uploads\/2023\/12\/logofinal-768x768.png 768w\" sizes=\"auto, (max-width: 1000px) 100vw, 1000px\" \/>\n\t\t\t\t\t<\/div>\n\t\t<\/div><\/div><\/div><\/div>\n<\/div>","protected":false},"excerpt":{"rendered":"Dispozi\u021bii Generale Acest site este de\u021binut de COMPASS BUSINESS SRL. La \u00eenregistrarea comenzii in magazinul online, Cump\u0103r\u0103torul accepta Termeni si","protected":false},"author":1,"featured_media":0,"parent":0,"menu_order":0,"comment_status":"closed","ping_status":"closed","template":"","meta":{"footnotes":""},"class_list":["post-136","page","type-page","status-publish","hentry"],"_links":{"self":[{"href":"https:\/\/arvori.md\/ru\/wp-json\/wp\/v2\/pages\/136","targetHints":{"allow":["GET"]}}],"collection":[{"href":"https:\/\/arvori.md\/ru\/wp-json\/wp\/v2\/pages"}],"about":[{"href":"https:\/\/arvori.md\/ru\/wp-json\/wp\/v2\/types\/page"}],"author":[{"embeddable":true,"href":"https:\/\/arvori.md\/ru\/wp-json\/wp\/v2\/users\/1"}],"replies":[{"embeddable":true,"href":"https:\/\/arvori.md\/ru\/wp-json\/wp\/v2\/comments?post=136"}],"version-history":[{"count":3,"href":"https:\/\/arvori.md\/ru\/wp-json\/wp\/v2\/pages\/136\/revisions"}],"predecessor-version":[{"id":624,"href":"https:\/\/arvori.md\/ru\/wp-json\/wp\/v2\/pages\/136\/revisions\/624"}],"wp:attachment":[{"href":"https:\/\/arvori.md\/ru\/wp-json\/wp\/v2\/media?parent=136"}],"curies":[{"name":"wp","href":"https:\/\/api.w.org\/{rel}","templated":true}]}}